{"id":38,"date":"2017-12-28T19:44:17","date_gmt":"2017-12-28T19:44:17","guid":{"rendered":"https:\/\/cancerasawakeupcall.wordpress.com\/?page_id=2"},"modified":"2017-12-28T19:44:17","modified_gmt":"2017-12-28T19:44:17","slug":"about-2","status":"publish","type":"page","link":"https:\/\/cancerasawakeupcallbook.com\/index.php\/about-2\/","title":{"rendered":"About M. Laura Nasi, MD"},"content":{"rendered":"<div dir=\"ltr\">\n<div class=\"separator\" style=\"text-align:justify;\">Mar\u00eda Laura Nasi is a medical doctor, graduated from the Universidad de Buenos Aires. She specialized in Internal Medicine and Clinical Oncology at the Sloan Kettering Cancer Center in New York. She was the Clinical Research Coordinator for the International Breast Cancer Study Group in Bern, Switzerland, and subsequently was the Research Director for Swiss pharmaceutical company Debiopharm.<\/div>\n<\/div>\n<div dir=\"ltr\"><\/div>\n<div dir=\"ltr\" style=\"text-align:justify;\">She made a turnaround in her career broadening her vision toward a more humanized medicine. She specialized in Mind Body Medicine at the Institute for Mind Body Medicine at Harvard University, Boston (<a href=\"http:\/\/www.bensonhenryinstitute.org\/\">www.bensonhenryinstitute.org<\/a>) and in psycho-socio-spiritual interventions for cancer patients at the Simonton Cancer Center in California (<a href=\"http:\/\/www.simontoncenter.com\/\">www.simontoncenter.com<\/a>).<\/div>\n<div dir=\"ltr\"><\/div>\n<div dir=\"ltr\" style=\"text-align:justify;\">She was Founder and President of ASOI (Asociaci\u00f3n de Oncolog\u00eda Integrativa), a non-profit organization dedicated to the promotion of an integrative vision for cancer patients, their families and the healthcare team. She was co-creator and member of Fundaleu\u2019s Integrative Medicine program (<a href=\"http:\/\/www.fundaleu.com.ar\/\">www.fundaleu.com.ar<\/a>) and the FertilMente program for couples with fertility problems. She participated in WikiLife\u2019s Scientific Board. As Scientific Advisor of Fundaci\u00f3n Columbia de Conciencia y Energ\u00eda (<a href=\"http:\/\/www.fundacioncolumbia.org\/\">www.fundacioncolumbia.org<\/a>), she was in charge of the content selection for the foundation; in 2015, she launched the proposal for Science and Spirituality participatory meetings.\u00a0She has been a member of IONS (Institute of Noetic Sciences, <a href=\"http:\/\/www.noetic.org\/\">www.noetic.org<\/a>).<\/div>\n<div dir=\"ltr\"><\/div>\n<div dir=\"ltr\" style=\"text-align:justify;\">Currently she practices Integrative Oncology in a private office employing, in addition to clinical oncology knowledge, Mind-Body Medicine and Astrology. She gives postgraduate courses on psycho-endo-neuro-immunology at the Universidad Cat\u00f3lica Argentina (UCA), the Universidad de Belgrano, Universidad Favaloro (Argentina) and the Universidad Cat\u00f3lica de Montevideo (Uruguay). She is a\u00a0member of Scientific Committee of FeelsGood (<a href=\"http:\/\/www.feelsgood.care\" target=\"_blank\" rel=\"noopener\">www.feelsgood.care<\/a>).<\/div>\n<div dir=\"ltr\"><\/div>\n<div dir=\"ltr\" style=\"text-align:justify;\">Author\u00a0 of <em>El c\u00e1ncer como camino de sanaci\u00f3n\u00a0<\/em>published by Paid\u00f3s (2017), <em>C\u00e1ncer y PsicoNeuroInmunolog\u00eda<\/em>, by Nativa (2017) and <em>Cancer as a Wake-Up Call<\/em>, by North Atlantic Books (2018).<\/div>\n<div dir=\"ltr\"><\/div>\n<div dir=\"ltr\" style=\"text-align:justify;\">Her vision of a medicine for a person as a multidimensional being leads her to investigate subjects such as life and death, science and spirit, and conscious life.<\/div>\n","protected":false},"excerpt":{"rendered":"<p>Mar\u00eda Laura Nasi is a medical doctor, graduated from the Universidad de Buenos Aires. She specialized in Internal Medicine and Clinical Oncology at the Sloan Kettering Cancer Center in New York. She was the Clinical Research Coordinator for the International Breast Cancer Study Group in Bern, Switzerland, and subsequently was the Research Director for Swiss&hellip; <a href=\"https:\/\/cancerasawakeupcallbook.com\/index.php\/about-2\/\" class=\"more-link\">Continue reading <span class=\"screen-reader-text\">About M. Laura Nasi, MD<\/span><\/a><\/p>\n","protected":false},"author":1,"featured_media":61,"parent":0,"menu_order":2,"comment_status":"closed","ping_status":"closed","template":"","meta":{"spay_email":""},"tags":[],"_links":{"self":[{"href":"https:\/\/cancerasawakeupcallbook.com\/index.php\/wp-json\/wp\/v2\/pages\/38"}],"collection":[{"href":"https:\/\/cancerasawakeupcallbook.com\/index.php\/wp-json\/wp\/v2\/pages"}],"about":[{"href":"https:\/\/cancerasawakeupcallbook.com\/index.php\/wp-json\/wp\/v2\/types\/page"}],"author":[{"embeddable":true,"href":"https:\/\/cancerasawakeupcallbook.com\/index.php\/wp-json\/wp\/v2\/users\/1"}],"replies":[{"embeddable":true,"href":"https:\/\/cancerasawakeupcallbook.com\/index.php\/wp-json\/wp\/v2\/comments?post=38"}],"version-history":[{"count":0,"href":"https:\/\/cancerasawakeupcallbook.com\/index.php\/wp-json\/wp\/v2\/pages\/38\/revisions"}],"wp:featuredmedia":[{"embeddable":true,"href":"https:\/\/cancerasawakeupcallbook.com\/index.php\/wp-json\/wp\/v2\/media\/61"}],"wp:attachment":[{"href":"https:\/\/cancerasawakeupcallbook.com\/index.php\/wp-json\/wp\/v2\/media?parent=38"}],"wp:term":[{"taxonomy":"post_tag","embeddable":true,"href":"https:\/\/cancerasawakeupcallbook.com\/index.php\/wp-json\/wp\/v2\/tags?post=38"}],"curies":[{"name":"wp","href":"https:\/\/api.w.org\/{rel}","templated":true}]}}